{"id":138,"date":"2020-02-12T09:27:12","date_gmt":"2020-02-12T09:27:12","guid":{"rendered":"http:\/\/cafe-zeit-los-giessen.de\/?page_id=138"},"modified":"2022-02-22T19:13:41","modified_gmt":"2022-02-22T19:13:41","slug":"impressum","status":"publish","type":"page","link":"http:\/\/cafe-zeit-los-giessen.de\/?page_id=138","title":{"rendered":"Impressum"},"content":{"rendered":"<div id=\"pl-138\"  class=\"panel-layout\" ><div id=\"pg-138-0\"  class=\"panel-grid panel-no-style\" ><div id=\"pgc-138-0-0\"  class=\"panel-grid-cell\" ><div id=\"panel-138-0-0-0\" class=\"so-panel widget widget_headline-widget panel-first-child\" data-index=\"0\" >\t\t<h1>Impressum<\/h1>\n\t\t<div class=\"decoration\"><div class=\"decoration-inside\"><\/div><\/div>\n\t\t<h3><\/h3>\n\t\t<\/div><div id=\"panel-138-0-0-1\" class=\"so-panel widget widget_text\" data-index=\"1\" >\t\t\t<div class=\"textwidget\"><p><strong>Angaben gem\u00e4\u00df \u00a7 5 TMG<\/strong><\/p>\n<p>Michael Leutner<\/p>\n<p>Bahnhofstra\u00dfe 50<\/p>\n<p>35390 Giessen<\/p>\n<p><strong><br \/>\nKontakt<\/strong><\/p>\n<p>Telefon: +49 (0)\u00a01511 4217486<\/p>\n<p>E-Mail: michaelleutner@yahoo.de<\/p>\n<p><strong><br \/>\nHaftung f\u00fcr Inhalte<\/strong><\/p>\n<p>Als Diensteanbieter sind wir gem\u00e4\u00df \u00a7 7 Abs.1 TMG f\u00fcr eigene Inhalte auf diesen Seiten nach den<\/p>\n<p>allgemeinen Gesetzen verantwortlich. Nach \u00a7\u00a7 8 bis 10 TMG sind wir als Diensteanbieter jedoch nicht<\/p>\n<p>verpflichtet, \u00fcbermittelte oder gespeicherte fremde Informationen zu \u00fcberwachen oder nach Umst\u00e4nden zu<\/p>\n<p>forschen, die auf eine rechtswidrige T\u00e4tigkeit hinweisen.<\/p>\n<p>Verpflichtungen zur Entfernung oder Sperrung der Nutzung von Informationen nach den allgemeinen<\/p>\n<p>Gesetzen bleiben hiervon unber\u00fchrt. Eine diesbez\u00fcgliche Haftung ist jedoch erst ab dem Zeitpunkt der<\/p>\n<p>Kenntnis einer konkreten Rechtsverletzung m\u00f6glich. Bei Bekanntwerden von entsprechenden<\/p>\n<p>Rechtsverletzungen werden wir diese Inhalte umgehend entfernen.<\/p>\n<p><strong><br \/>\nHaftung f\u00fcr Links<\/strong><\/p>\n<p>Unser Angebot enth\u00e4lt Links zu externen Websites Dritter, auf deren Inhalte wir keinen Einfluss haben.<\/p>\n<p>Deshalb k\u00f6nnen wir f\u00fcr diese fremden Inhalte auch keine Gew\u00e4hr \u00fcbernehmen. F\u00fcr die Inhalte der<\/p>\n<p>verlinkten Seiten ist stets der jeweilige Anbieter oder Betreiber der Seiten verantwortlich. Die verlinkten<\/p>\n<p>Seiten wurden zum Zeitpunkt der Verlinkung auf m\u00f6gliche Rechtsverst\u00f6\u00dfe \u00fcberpr\u00fcft. Rechtswidrige Inhalte<\/p>\n<p>waren zum Zeitpunkt der Verlinkung nicht erkennbar.<\/p>\n<p>Eine permanente inhaltliche Kontrolle der verlinkten Seiten ist jedoch ohne konkrete Anhaltspunkte einer<\/p>\n<p>Rechtsverletzung nicht zumutbar. Bei Bekanntwerden von Rechtsverletzungen werden wir derartige Links<\/p>\n<p>umgehend entfernen.<\/p>\n<p><strong><br \/>\nUrheberrecht<\/strong><\/p>\n<p>Die durch die Seitenbetreiber erstellten Inhalte und Werke auf diesen Seiten unterliegen dem deutschen<\/p>\n<p>Urheberrecht. Die Vervielf\u00e4ltigung, Bearbeitung, Verbreitung und jede Art der Verwertung au\u00dferhalb der<\/p>\n<p>Grenzen des Urheberrechtes bed\u00fcrfen der schriftlichen Zustimmung des jeweiligen Autors bzw. Erstellers.<\/p>\n<p>Downloads und Kopien dieser Seite sind nur f\u00fcr den privaten, nicht kommerziellen Gebrauch gestattet.<\/p>\n<p>Soweit die Inhalte auf dieser Seite nicht vom Betreiber erstellt wurden, werden die Urheberrechte Dritter<\/p>\n<p>beachtet. Insbesondere werden Inhalte Dritter als solche gekennzeichnet. Sollten Sie trotzdem auf eine<\/p>\n<p>Urheberrechtsverletzung aufmerksam werden, bitten wir um einen entsprechenden Hinweis. Bei<\/p>\n<p>Bekanntwerden von Rechtsverletzungen werden wir derartige Inhalte umgehend entfernen.<\/p>\n<p><strong><br \/>\nQuelle:<\/strong><\/p>\n<p>https:\/\/www.e-recht24.de<\/p>\n<\/div>\n\t\t<\/div><div id=\"panel-138-0-0-2\" class=\"so-panel widget widget_siteorigin-panels-post-content panel-last-child\" data-index=\"2\" ><\/div><\/div><\/div><\/div>","protected":false},"excerpt":{"rendered":"<p>Angaben gem\u00e4\u00df \u00a7 5 TMG Michael Leutner Bahnhofstra\u00dfe 50 35390 Giessen Kontakt Telefon: +49 (0)\u00a01511 4217486 E-Mail: michaelleutner@yahoo.de Haftung f\u00fcr Inhalte Als Diensteanbieter sind wir gem\u00e4\u00df \u00a7 7 Abs.1 TMG f\u00fcr eigene Inhalte auf diesen Seiten nach den allgemeinen Gesetzen verantwortlich. Nach \u00a7\u00a7 8 bis 10 TMG sind wir als Diensteanbieter jedoch nicht verpflichtet, \u00fcbermittelte [&hellip;]<\/p>\n","protected":false},"author":1,"featured_media":372,"parent":11,"menu_order":0,"comment_status":"closed","ping_status":"closed","template":"templates\/template-full-notitle.php","meta":[],"_links":{"self":[{"href":"http:\/\/cafe-zeit-los-giessen.de\/index.php?rest_route=\/wp\/v2\/pages\/138"}],"collection":[{"href":"http:\/\/cafe-zeit-los-giessen.de\/index.php?rest_route=\/wp\/v2\/pages"}],"about":[{"href":"http:\/\/cafe-zeit-los-giessen.de\/index.php?rest_route=\/wp\/v2\/types\/page"}],"author":[{"embeddable":true,"href":"http:\/\/cafe-zeit-los-giessen.de\/index.php?rest_route=\/wp\/v2\/users\/1"}],"replies":[{"embeddable":true,"href":"http:\/\/cafe-zeit-los-giessen.de\/index.php?rest_route=%2Fwp%2Fv2%2Fcomments&post=138"}],"version-history":[{"count":11,"href":"http:\/\/cafe-zeit-los-giessen.de\/index.php?rest_route=\/wp\/v2\/pages\/138\/revisions"}],"predecessor-version":[{"id":374,"href":"http:\/\/cafe-zeit-los-giessen.de\/index.php?rest_route=\/wp\/v2\/pages\/138\/revisions\/374"}],"up":[{"embeddable":true,"href":"http:\/\/cafe-zeit-los-giessen.de\/index.php?rest_route=\/wp\/v2\/pages\/11"}],"wp:featuredmedia":[{"embeddable":true,"href":"http:\/\/cafe-zeit-los-giessen.de\/index.php?rest_route=\/wp\/v2\/media\/372"}],"wp:attachment":[{"href":"http:\/\/cafe-zeit-los-giessen.de\/index.php?rest_route=%2Fwp%2Fv2%2Fmedia&parent=138"}],"curies":[{"name":"wp","href":"https:\/\/api.w.org\/{rel}","templated":true}]}}